{"id":86,"date":"2020-01-29T17:40:29","date_gmt":"2020-01-29T16:40:29","guid":{"rendered":"http:\/\/praxis.zahnarztpraxis-bergmann.de\/?page_id=86"},"modified":"2020-03-07T14:24:05","modified_gmt":"2020-03-07T13:24:05","slug":"hypnose","status":"publish","type":"page","link":"https:\/\/zahnarztpraxis-bergmann.de\/index.php\/hypnose\/","title":{"rendered":"Hypnose"},"content":{"rendered":"\t\t<div data-elementor-type=\"wp-page\" data-elementor-id=\"86\" class=\"elementor elementor-86\">\n\t\t\t\t\t\t<section class=\"elementor-section elementor-top-section elementor-element elementor-element-3c6b895 elementor-section-stretched elementor-section-boxed elementor-section-height-default elementor-section-height-default\" data-id=\"3c6b895\" data-element_type=\"section\" data-e-type=\"section\" data-settings=\"{&quot;stretch_section&quot;:&quot;section-stretched&quot;}\">\n\t\t\t\t\t\t<div class=\"elementor-container elementor-column-gap-default\">\n\t\t\t\t\t<div class=\"elementor-column elementor-col-100 elementor-top-column elementor-element elementor-element-2b91075\" data-id=\"2b91075\" data-element_type=\"column\" data-e-type=\"column\">\n\t\t\t<div class=\"elementor-widget-wrap elementor-element-populated\">\n\t\t\t\t\t\t<div class=\"elementor-element elementor-element-1c1b5e8 elementor-widget elementor-widget-text-editor\" data-id=\"1c1b5e8\" data-element_type=\"widget\" data-e-type=\"widget\" data-widget_type=\"text-editor.default\">\n\t\t\t\t<div class=\"elementor-widget-container\">\n\t\t\t\t\t\t\t\t\t<p><b><u>In unserer Praxis bieten wir seit dem Fr\u00fchjahr 2003 die zahn\u00e4rztliehe Behandlung auch unter Hypnose an.<br>Nachfolgend haben wir schon einige allgemeine Informationen zu diesem Thema f\u00fcr Sie bereitgestellt.<\/u><\/b><\/p>\n<p>Hypnose&nbsp;ist vielen bekannt aus Fernschsendungen oder Disco-Shows, in denen ein Showhypnotiseur scheinbar willenlose&nbsp;Menschen peinliche&nbsp;Befehle&nbsp;ausf\u00fchren l\u00e4sst. Die&nbsp;medizinische&nbsp;Hypnose&nbsp;dagegen hilft den Patienten, ihren Wunsch&nbsp;nach einer angstfreien, entspannten und schmerzlosen Zahnbahandlung zu verwirklichen. Dies ist allerdings nur auf Basis der Kooperation m\u00f6glich, niemals gegen den Willen des Patienten. Durch&nbsp;moderne&nbsp;medizinische&nbsp;Hypnose&nbsp;wird der Patient in einen entspannten Traneezustand versetzt, in dem er sich&nbsp;auf angenehme Vorstellungsbilder konzentriert. Er befindet sich&nbsp;mental an seinem Ruheort und hat &#8222;den Mund zur Reparatur abgegeben&#8220;.<\/p>\n<p><\/p>\n<p>Welche&nbsp;Patienten eignen sich&nbsp;besonders f\u00fcr Zahn\u00e4rztliche&nbsp;Hypnose?<u><br><\/u><strong><u><b><br><\/b><\/u><\/strong>Die&nbsp;moderne&nbsp;medizinische&nbsp;Hypnose&nbsp;ist bei ea. 90 % der Bev\u00f6lkerung mit Erfolg anwendbar. Alle&nbsp;Zahnarztpatienten profitieren von der Hypnose, weil dadurch&nbsp;die&nbsp;Bahandlung schneller und angenehmer abl\u00e4uft, sowohl f\u00fcr den Patienten wie&nbsp;auch&nbsp;f\u00fcr das Bahandlungsteam. Ziel der zahn\u00e4rztlichen Hypnose&nbsp;ist, dass der Patient nach&nbsp;einer langen Behandlung das Gef\u00fchl hat, sich&nbsp;gut erholt zu haben. Patienten, die&nbsp;aufgrund extremer Angst kaum zum Zahnarzt gehen, erm\u00f6glicht die&nbsp;Hypnose&nbsp;Angstabbau und damit eine&nbsp;gr\u00fcndliche&nbsp;Zahnsanierung.<\/p>\n<p>Die&nbsp;h\u00e4ufigsten Fragen unserer Patienten sind:<u><br><\/u><strong><u><b><br><\/b><\/u><\/strong>1. Werde&nbsp;ich&nbsp;wieder wach?<br>2. Gebe&nbsp;ich&nbsp;meine&nbsp;innersten Geheimnisse&nbsp;preis?<br>3. Bin ich&nbsp;willenlos?<br>4. Bekomme&nbsp;ich&nbsp;\u00fcberhaupt nichts mit?<br>5. Sp\u00fcre&nbsp;ich&nbsp;wirklich&nbsp;nichts?<br><u><br><\/u><u>Zu 1.:<\/u>&nbsp;In einer Praxis, in der seit 15 Jahren mit Hypnose&nbsp;gearbeitet wird, ist in all den Jahren nie&nbsp;ein Patient nicht mehr &#8222;wach&#8220; geworden. Auch&nbsp;wenn es besonders sch\u00f6n war, geht man doch&nbsp;gerne&nbsp;wieder vom Zahnarzt nach&nbsp;Hause. Da es sich&nbsp;im eigentlichen Sinne&nbsp;nicht um einen Schlafzustand handelt, ist es nicht vollkommen korrekt, von &#8222;wieder aufwachen&#8220; zu sprechen.<br><u><br><\/u><u>Zu 2. und 3.:<\/u>&nbsp;Der Patient ist in keiner Weise&nbsp;willenlos, sondern mit seinen inneren pers\u00f6nlichen Interessen derart besch\u00e4ftigt, dass er einen besseren Zugang zu seinen eigentlichen F\u00e4higkeiten hat. Er wird nur die&nbsp;Dinge&nbsp;\u00e4u\u00dfern, die&nbsp;er auch&nbsp;wirklich&nbsp;preisgeben m\u00f6chte.<br><u><br><\/u><u>Zu 4.:<\/u>&nbsp;Nur bei ca. 10 % der Hypnosepatienten kommt es zum Zustand der Tiefentranee, in dem es eine&nbsp;stark reduzierte&nbsp;\u00e4u\u00dfere&nbsp;Wahrnehmung gibt.<br><u><br><\/u><u>Zu 5.:<\/u>&nbsp;schmerzfreiheit mit Hilfe&nbsp;von Hypnose&nbsp;l\u00e4sst sich&nbsp;ebenfalls nur bei etwa 10 % der Bev\u00f6lkerung erreichen. Schmerzreduktion ist aber bei 80 % der Bev\u00f6lkerung erreichbar. In der Regel gen\u00fcgt 1\/4 der \u00fcblichen Dosis an Lokalan\u00e4sthetika, um v\u00f6llige&nbsp;schmerzfreiheit unter Hypnose&nbsp;zu erzielen. Patienten mit Allergien lassen sich&nbsp;erfolgreich&nbsp;ohne&nbsp;Spritzen behandeln, sie&nbsp;sind besonders gut motivierbar.<\/p>\n<p>***<br>F\u00fcr weitere&nbsp;Fragen stehen wir Ihnen gern zur Verf\u00fcgung.<br>Ihr Praxisteam.<\/p>\t\t\t\t\t\t\t\t<\/div>\n\t\t\t\t<\/div>\n\t\t\t\t\t<\/div>\n\t\t<\/div>\n\t\t\t\t\t<\/div>\n\t\t<\/section>\n\t\t\t\t<\/div>\n\t\t","protected":false},"excerpt":{"rendered":"<p>In unserer Praxis bieten wir seit dem Fr\u00fchjahr 2003 die zahn\u00e4rztliehe Behandlung auch unter Hypnose an.Nachfolgend haben wir schon einige allgemeine Informationen zu diesem Thema f\u00fcr Sie bereitgestellt. Hypnose&nbsp;ist vielen bekannt aus Fernschsendungen oder Disco-Shows, in denen ein Showhypnotiseur scheinbar willenlose&nbsp;Menschen peinliche&nbsp;Befehle&nbsp;ausf\u00fchren l\u00e4sst. Die&nbsp;medizinische&nbsp;Hypnose&nbsp;dagegen hilft den Patienten, ihren Wunsch&nbsp;nach einer angstfreien, entspannten und schmerzlosen Zahnbahandlung [&hellip;]<\/p>\n","protected":false},"author":1,"featured_media":0,"parent":0,"menu_order":0,"comment_status":"closed","ping_status":"closed","template":"","meta":{"footnotes":""},"class_list":["post-86","page","type-page","status-publish","hentry"],"_links":{"self":[{"href":"https:\/\/zahnarztpraxis-bergmann.de\/index.php\/wp-json\/wp\/v2\/pages\/86","targetHints":{"allow":["GET"]}}],"collection":[{"href":"https:\/\/zahnarztpraxis-bergmann.de\/index.php\/wp-json\/wp\/v2\/pages"}],"about":[{"href":"https:\/\/zahnarztpraxis-bergmann.de\/index.php\/wp-json\/wp\/v2\/types\/page"}],"author":[{"embeddable":true,"href":"https:\/\/zahnarztpraxis-bergmann.de\/index.php\/wp-json\/wp\/v2\/users\/1"}],"replies":[{"embeddable":true,"href":"https:\/\/zahnarztpraxis-bergmann.de\/index.php\/wp-json\/wp\/v2\/comments?post=86"}],"version-history":[{"count":12,"href":"https:\/\/zahnarztpraxis-bergmann.de\/index.php\/wp-json\/wp\/v2\/pages\/86\/revisions"}],"predecessor-version":[{"id":694,"href":"https:\/\/zahnarztpraxis-bergmann.de\/index.php\/wp-json\/wp\/v2\/pages\/86\/revisions\/694"}],"wp:attachment":[{"href":"https:\/\/zahnarztpraxis-bergmann.de\/index.php\/wp-json\/wp\/v2\/media?parent=86"}],"curies":[{"name":"wp","href":"https:\/\/api.w.org\/{rel}","templated":true}]}}