{"id":626,"date":"2020-03-01T19:01:14","date_gmt":"2020-03-01T18:01:14","guid":{"rendered":"http:\/\/praxis.zahnarztpraxis-bergmann.de\/?page_id=626"},"modified":"2020-03-07T17:22:56","modified_gmt":"2020-03-07T16:22:56","slug":"ernaehrungsberatung","status":"publish","type":"page","link":"https:\/\/zahnarztpraxis-bergmann.de\/index.php\/ernaehrungsberatung\/","title":{"rendered":"Ern\u00e4hrungsberatung"},"content":{"rendered":"\t\t<div data-elementor-type=\"wp-page\" data-elementor-id=\"626\" class=\"elementor elementor-626\">\n\t\t\t\t\t\t<section class=\"elementor-section elementor-top-section elementor-element elementor-element-cd0ce30 elementor-section-stretched elementor-section-boxed elementor-section-height-default elementor-section-height-default\" data-id=\"cd0ce30\" data-element_type=\"section\" data-e-type=\"section\" data-settings=\"{&quot;stretch_section&quot;:&quot;section-stretched&quot;}\">\n\t\t\t\t\t\t<div class=\"elementor-container elementor-column-gap-default\">\n\t\t\t\t\t<div class=\"elementor-column elementor-col-100 elementor-top-column elementor-element elementor-element-fc7c4a8\" data-id=\"fc7c4a8\" data-element_type=\"column\" data-e-type=\"column\">\n\t\t\t<div class=\"elementor-widget-wrap elementor-element-populated\">\n\t\t\t\t\t\t<div class=\"elementor-element elementor-element-b16781d elementor-widget elementor-widget-text-editor\" data-id=\"b16781d\" data-element_type=\"widget\" data-e-type=\"widget\" data-widget_type=\"text-editor.default\">\n\t\t\t\t<div class=\"elementor-widget-container\">\n\t\t\t\t\t\t\t\t\t<p><span style=\"text-decoration: underline;\"><strong>Fissurenversiegelung<\/strong><\/span><\/p><p>Die Kaufl\u00e4chen der Z\u00e4hne bestehen aus Gr\u00fcbchen und H\u00f6cker. Diese &#8222;Fissuren&#8220; sind tief und so fein, dass selbst die Borsten der Zahnb\u00fcrste diese nicht optimal reinigen k\u00f6nnen, aber klebrige Essensreste setzen sich darin fest. Weil diese nicht weggeputzt werden k\u00f6nnen, entsteht Zahnbelag, der Bakterien enth\u00e4lt, welche Karies verursachen. Damit das nicht passiert, f\u00fcllen wir diese Vertiefungen mit einem Spezialkunststoff; wir &#8222;versiegeln&#8220; die Z\u00e4hne.<\/p>\t\t\t\t\t\t\t\t<\/div>\n\t\t\t\t<\/div>\n\t\t\t\t\t<\/div>\n\t\t<\/div>\n\t\t\t\t\t<\/div>\n\t\t<\/section>\n\t\t\t\t<section class=\"elementor-section elementor-top-section elementor-element elementor-element-45e9f26 elementor-section-stretched elementor-section-boxed elementor-section-height-default elementor-section-height-default\" data-id=\"45e9f26\" data-element_type=\"section\" data-e-type=\"section\" data-settings=\"{&quot;stretch_section&quot;:&quot;section-stretched&quot;}\">\n\t\t\t\t\t\t<div class=\"elementor-container elementor-column-gap-default\">\n\t\t\t\t\t<div class=\"elementor-column elementor-col-100 elementor-top-column elementor-element elementor-element-afeaf0e\" data-id=\"afeaf0e\" data-element_type=\"column\" data-e-type=\"column\">\n\t\t\t<div class=\"elementor-widget-wrap elementor-element-populated\">\n\t\t\t\t\t\t<div class=\"elementor-element elementor-element-5696ac6 elementor-widget elementor-widget-text-editor\" data-id=\"5696ac6\" data-element_type=\"widget\" data-e-type=\"widget\" data-widget_type=\"text-editor.default\">\n\t\t\t\t<div class=\"elementor-widget-container\">\n\t\t\t\t\t\t\t\t\t<p><span style=\"text-decoration: underline;\"><strong>Ern\u00e4hrungsberatung<\/strong><\/span><\/p>\n<p>Wenn Sie Lust auf S\u00fc\u00dfes haben, genie\u00dfen Sie Ihre Naschereien nach Herzenslust &#8211; am Besten zu den Hauptmahlzeiten. Denn Schokolade, Bonbons oder Gummib\u00e4rchen \u00fcber den ganzen Tag verteilt, bedeuten st\u00e4ndig neue S\u00e4ureangriffe auf Ihre Z\u00e4hne. Plaquebakterien wandeln jede Zuckerart in S\u00e4uren beziehungsweise in Zellgifte um, die Karies und Zahnfleischerkrankungen verursachen.<br>F\u00fcr Ihre Zahngesundheit ist nicht die Zuckermenge wichtig. Entscheidend ist, wie h\u00e4ufig Sie S\u00fc\u00dfes essen und wie lange Ihre Z\u00e4hne von den S\u00e4uren angegriffen werden. F\u00fcr den &#8222;S\u00fc\u00dfhunger&#8220; zwischendurch gibt es zahnfreundliche S\u00fc\u00dfwaren und Kaugummis.<\/p>\t\t\t\t\t\t\t\t<\/div>\n\t\t\t\t<\/div>\n\t\t\t\t\t<\/div>\n\t\t<\/div>\n\t\t\t\t\t<\/div>\n\t\t<\/section>\n\t\t\t\t<\/div>\n\t\t","protected":false},"excerpt":{"rendered":"<p>Fissurenversiegelung Die Kaufl\u00e4chen der Z\u00e4hne bestehen aus Gr\u00fcbchen und H\u00f6cker. Diese &#8222;Fissuren&#8220; sind tief und so fein, dass selbst die Borsten der Zahnb\u00fcrste diese nicht optimal reinigen k\u00f6nnen, aber klebrige Essensreste setzen sich darin fest. Weil diese nicht weggeputzt werden k\u00f6nnen, entsteht Zahnbelag, der Bakterien enth\u00e4lt, welche Karies verursachen. Damit das nicht passiert, f\u00fcllen wir [&hellip;]<\/p>\n","protected":false},"author":1,"featured_media":0,"parent":0,"menu_order":0,"comment_status":"closed","ping_status":"closed","template":"","meta":{"footnotes":""},"class_list":["post-626","page","type-page","status-publish","hentry"],"_links":{"self":[{"href":"https:\/\/zahnarztpraxis-bergmann.de\/index.php\/wp-json\/wp\/v2\/pages\/626","targetHints":{"allow":["GET"]}}],"collection":[{"href":"https:\/\/zahnarztpraxis-bergmann.de\/index.php\/wp-json\/wp\/v2\/pages"}],"about":[{"href":"https:\/\/zahnarztpraxis-bergmann.de\/index.php\/wp-json\/wp\/v2\/types\/page"}],"author":[{"embeddable":true,"href":"https:\/\/zahnarztpraxis-bergmann.de\/index.php\/wp-json\/wp\/v2\/users\/1"}],"replies":[{"embeddable":true,"href":"https:\/\/zahnarztpraxis-bergmann.de\/index.php\/wp-json\/wp\/v2\/comments?post=626"}],"version-history":[{"count":5,"href":"https:\/\/zahnarztpraxis-bergmann.de\/index.php\/wp-json\/wp\/v2\/pages\/626\/revisions"}],"predecessor-version":[{"id":733,"href":"https:\/\/zahnarztpraxis-bergmann.de\/index.php\/wp-json\/wp\/v2\/pages\/626\/revisions\/733"}],"wp:attachment":[{"href":"https:\/\/zahnarztpraxis-bergmann.de\/index.php\/wp-json\/wp\/v2\/media?parent=626"}],"curies":[{"name":"wp","href":"https:\/\/api.w.org\/{rel}","templated":true}]}}