{"id":281,"date":"2020-02-01T14:35:02","date_gmt":"2020-02-01T13:35:02","guid":{"rendered":"http:\/\/praxis.zahnarztpraxis-bergmann.de\/?page_id=281"},"modified":"2025-08-12T13:59:13","modified_gmt":"2025-08-12T11:59:13","slug":"so-erreichen-sie-uns","status":"publish","type":"page","link":"https:\/\/zahnarztpraxis-bergmann.de\/index.php\/so-erreichen-sie-uns\/","title":{"rendered":"So erreichen Sie uns"},"content":{"rendered":"\t\t<div data-elementor-type=\"wp-page\" data-elementor-id=\"281\" class=\"elementor elementor-281\">\n\t\t\t\t\t\t<section class=\"elementor-section elementor-top-section elementor-element elementor-element-365534e elementor-section-stretched elementor-section-boxed elementor-section-height-default elementor-section-height-default\" data-id=\"365534e\" data-element_type=\"section\" data-e-type=\"section\" data-settings=\"{&quot;stretch_section&quot;:&quot;section-stretched&quot;}\">\n\t\t\t\t\t\t<div class=\"elementor-container elementor-column-gap-default\">\n\t\t\t\t\t<div class=\"elementor-column elementor-col-50 elementor-top-column elementor-element elementor-element-26c02a0\" data-id=\"26c02a0\" data-element_type=\"column\" data-e-type=\"column\">\n\t\t\t<div class=\"elementor-widget-wrap elementor-element-populated\">\n\t\t\t\t\t\t<div class=\"elementor-element elementor-element-b4dac6d elementor-widget elementor-widget-text-editor\" data-id=\"b4dac6d\" data-element_type=\"widget\" data-e-type=\"widget\" data-widget_type=\"text-editor.default\">\n\t\t\t\t<div class=\"elementor-widget-container\">\n\t\t\t\t\t\t\t\t\t<p><span class=\"text7\">So erreichen Sie uns:<\/span><style>\n@font-face{<br \/>\nfont-family:\"Times New Roman\";<br \/>\n}<\/p>\n<p>@font-face{<br \/>\nfont-family:\"\u5b8b\u4f53\";<br \/>\n}<\/p>\n<p>@font-face{<br \/>\nfont-family:\"SimSun\";<br \/>\n}<\/p>\n<p>p.MsoNormal{<br \/>\nmso-style-name:Normal;<br \/>\nmso-style-parent:\"\";<br \/>\nmargin:0pt;<br \/>\nmargin-bottom:.0001pt;<br \/>\ntext-align:justify;<br \/>\ntext-justify:inter-ideograph;<br \/>\nfont-family:'Times New Roman';<br \/>\nmso-fareast-font-family:\u5b8b\u4f53;<br \/>\nfont-size:10,5000pt;<br \/>\nmso-font-kerning:1,0000pt;<br \/>\n}<\/p>\n<p>span.msoIns{<br \/>\nmso-style-type:export-only;<br \/>\nmso-style-name:\"\";<br \/>\ntext-decoration:underline;<br \/>\ntext-underline:single;<br \/>\ncolor:blue;<br \/>\n}<\/p>\n<p>span.msoDel{<br \/>\nmso-style-type:export-only;<br \/>\nmso-style-name:\"\";<br \/>\ntext-decoration:line-through;<br \/>\ncolor:red;<br \/>\n}<br \/>\n}<br \/>\ndiv.Section0{page:Section0;}<\/style><\/p><p>\u00a0<\/p><p class=\"MsoNormal\"><span style=\"text-decoration: underline;\"><span style=\"mso-spacerun: 'yes'; font-family: SimSun; font-size: 12,0000pt; mso-font-kerning: 0,0000pt;\"><span class=\"text7\">S-<\/span>Bahn: <\/span><\/span><span style=\"mso-spacerun: 'yes'; font-family: SimSun; font-size: 12,0000pt; mso-font-kerning: 0,0000pt;\"><br \/><\/span><span style=\"mso-spacerun: 'yes'; font-family: SimSun; font-size: 12,0000pt; mso-font-kerning: 0,0000pt;\">Linie S75<\/span><span style=\"mso-spacerun: 'yes'; font-family: SimSun; font-size: 12,0000pt; mso-font-kerning: 0,0000pt;\"><br \/><\/span><span style=\"mso-spacerun: 'yes'; font-family: SimSun; font-size: 12,0000pt; mso-font-kerning: 0,0000pt;\">Haltestelle Hohensch\u00f6nhausen<\/span><span style=\"mso-spacerun: 'yes'; font-family: SimSun; font-size: 12,0000pt; mso-font-kerning: 0,0000pt;\"><br \/><\/span><span style=\"mso-spacerun: 'yes'; font-family: SimSun; font-size: 12,0000pt; mso-font-kerning: 0,0000pt;\"><br \/><\/span><span style=\"text-decoration: underline;\"><span style=\"mso-spacerun: 'yes'; font-family: SimSun; font-size: 12,0000pt; mso-font-kerning: 0,0000pt;\">Stra\u00dfenbahn: <\/span><\/span><span style=\"mso-spacerun: 'yes'; font-family: SimSun; font-size: 12,0000pt; mso-font-kerning: 0,0000pt;\"><br \/><\/span><span style=\"mso-spacerun: 'yes'; font-family: SimSun; font-size: 12,0000pt; mso-font-kerning: 0,0000pt;\">Metrolinien M4 und M17<\/span><span style=\"mso-spacerun: 'yes'; font-family: SimSun; font-size: 12,0000pt; mso-font-kerning: 0,0000pt;\"><br \/><\/span><span style=\"mso-spacerun: 'yes'; font-family: SimSun; font-size: 12,0000pt; mso-font-kerning: 0,0000pt;\">Haltestelle S-Bahnhof Hohensch\u00f6nhausen<\/span><span style=\"mso-spacerun: 'yes'; font-family: SimSun; font-size: 12,0000pt; mso-font-kerning: 0,0000pt;\"><br \/><\/span><span style=\"mso-spacerun: 'yes'; font-family: SimSun; font-size: 12,0000pt; mso-font-kerning: 0,0000pt;\"><br \/><\/span><span style=\"text-decoration: underline;\"><span style=\"mso-spacerun: 'yes'; font-family: SimSun; font-size: 12,0000pt; mso-font-kerning: 0,0000pt;\">Bus: <\/span><\/span><span style=\"mso-spacerun: 'yes'; font-family: SimSun; font-size: 12,0000pt; mso-font-kerning: 0,0000pt;\"><br \/><\/span><span style=\"mso-spacerun: 'yes'; font-family: SimSun; font-size: 12,0000pt; mso-font-kerning: 0,0000pt;\">Linie 154, 256, 359, 893 u. X54<\/span><span style=\"mso-spacerun: 'yes'; font-family: SimSun; font-size: 12,0000pt; mso-font-kerning: 0,0000pt;\"><br \/><\/span><span style=\"mso-spacerun: 'yes'; font-family: SimSun; font-size: 12,0000pt; mso-font-kerning: 0,0000pt;\">Haltestelle S-Bahnhof Hohensch\u00f6nhausen<\/span><span style=\"mso-spacerun: 'yes'; font-family: SimSun; font-size: 12,0000pt; mso-font-kerning: 0,0000pt;\"><br \/><\/span><span style=\"mso-spacerun: 'yes'; font-family: SimSun; font-size: 12,0000pt; mso-font-kerning: 0,0000pt;\"><br \/><\/span><span style=\"text-decoration: underline;\"><span style=\"mso-spacerun: 'yes'; font-family: SimSun; font-size: 12,0000pt; mso-font-kerning: 0,0000pt;\">PKW: <\/span><\/span><span style=\"mso-spacerun: 'yes'; font-family: SimSun; font-size: 12,0000pt; mso-font-kerning: 0,0000pt;\"><br \/><\/span><span style=\"mso-spacerun: 'yes'; font-family: SimSun; font-size: 12,0000pt; mso-font-kerning: 0,0000pt;\">ausreichend Parkpl\u00e4tze finden Sie direkt vor (Falkenberger Chaussee \/ 2 Stunden kostenlos) und hinter dem Haus (Warnitzer Str.)<\/span><\/p>\t\t\t\t\t\t\t\t<\/div>\n\t\t\t\t<\/div>\n\t\t\t\t\t<\/div>\n\t\t<\/div>\n\t\t\t\t<div class=\"elementor-column elementor-col-50 elementor-top-column elementor-element elementor-element-662ae89\" data-id=\"662ae89\" data-element_type=\"column\" data-e-type=\"column\">\n\t\t\t<div class=\"elementor-widget-wrap elementor-element-populated\">\n\t\t\t\t\t\t<div class=\"elementor-element elementor-element-6ba31e9 elementor-widget elementor-widget-image\" data-id=\"6ba31e9\" data-element_type=\"widget\" data-e-type=\"widget\" data-widget_type=\"image.default\">\n\t\t\t\t<div class=\"elementor-widget-container\">\n\t\t\t\t\t\t\t\t\t\t\t\t\t\t\t<img fetchpriority=\"high\" decoding=\"async\" width=\"640\" height=\"396\" src=\"https:\/\/zahnarztpraxis-bergmann.de\/wp-content\/uploads\/2020\/03\/Plan640x480.jpg\" class=\"elementor-animation-grow attachment-large size-large wp-image-650\" alt=\"\" srcset=\"https:\/\/zahnarztpraxis-bergmann.de\/wp-content\/uploads\/2020\/03\/Plan640x480.jpg 640w, https:\/\/zahnarztpraxis-bergmann.de\/wp-content\/uploads\/2020\/03\/Plan640x480-300x186.jpg 300w\" sizes=\"(max-width: 640px) 100vw, 640px\" \/>\t\t\t\t\t\t\t\t\t\t\t\t\t\t\t<\/div>\n\t\t\t\t<\/div>\n\t\t\t\t\t<\/div>\n\t\t<\/div>\n\t\t\t\t\t<\/div>\n\t\t<\/section>\n\t\t\t\t<\/div>\n\t\t","protected":false},"excerpt":{"rendered":"<p>So erreichen Sie uns: \u00a0 S-Bahn: Linie S75Haltestelle Hohensch\u00f6nhausen Stra\u00dfenbahn: Metrolinien M4 und M17Haltestelle S-Bahnhof Hohensch\u00f6nhausen Bus: Linie 154, 256, 359, 893 u. X54Haltestelle S-Bahnhof Hohensch\u00f6nhausen PKW: ausreichend Parkpl\u00e4tze finden Sie direkt vor (Falkenberger Chaussee \/ 2 Stunden kostenlos) und hinter dem Haus (Warnitzer Str.)<\/p>\n","protected":false},"author":1,"featured_media":0,"parent":0,"menu_order":0,"comment_status":"closed","ping_status":"closed","template":"","meta":{"footnotes":""},"class_list":["post-281","page","type-page","status-publish","hentry"],"_links":{"self":[{"href":"https:\/\/zahnarztpraxis-bergmann.de\/index.php\/wp-json\/wp\/v2\/pages\/281","targetHints":{"allow":["GET"]}}],"collection":[{"href":"https:\/\/zahnarztpraxis-bergmann.de\/index.php\/wp-json\/wp\/v2\/pages"}],"about":[{"href":"https:\/\/zahnarztpraxis-bergmann.de\/index.php\/wp-json\/wp\/v2\/types\/page"}],"author":[{"embeddable":true,"href":"https:\/\/zahnarztpraxis-bergmann.de\/index.php\/wp-json\/wp\/v2\/users\/1"}],"replies":[{"embeddable":true,"href":"https:\/\/zahnarztpraxis-bergmann.de\/index.php\/wp-json\/wp\/v2\/comments?post=281"}],"version-history":[{"count":22,"href":"https:\/\/zahnarztpraxis-bergmann.de\/index.php\/wp-json\/wp\/v2\/pages\/281\/revisions"}],"predecessor-version":[{"id":908,"href":"https:\/\/zahnarztpraxis-bergmann.de\/index.php\/wp-json\/wp\/v2\/pages\/281\/revisions\/908"}],"wp:attachment":[{"href":"https:\/\/zahnarztpraxis-bergmann.de\/index.php\/wp-json\/wp\/v2\/media?parent=281"}],"curies":[{"name":"wp","href":"https:\/\/api.w.org\/{rel}","templated":true}]}}